{"id":241,"date":"2016-11-28T13:07:34","date_gmt":"2016-11-28T13:07:34","guid":{"rendered":"http:\/\/wp.dankov-theme.pro\/universal\/?page_id=241"},"modified":"2025-10-20T10:06:26","modified_gmt":"2025-10-20T10:06:26","slug":"luce","status":"publish","type":"page","link":"https:\/\/www.lucemanufacture.fr\/?page_id=241","title":{"rendered":"Manufacture Luce"},"content":{"rendered":"<p>[vc_row full_width=\u00a0\u00bbstretch_row\u00a0\u00bb content_placement=\u00a0\u00bbmiddle\u00a0\u00bb css=\u00a0\u00bb.vc_custom_1760612468563{padding-top: -100px !important;padding-bottom: 130px !important;background-color: #1e1e1e !important;}\u00a0\u00bb][vc_column][vc_row_inner content_placement=\u00a0\u00bbmiddle\u00a0\u00bb][vc_column_inner el_class=\u00a0\u00bbtexte-luce\u00a0\u00bb offset=\u00a0\u00bbvc_col-lg-offset-0 vc_col-lg-6 vc_col-md-offset-0 vc_col-md-6 vc_col-sm-offset-0 vc_col-xs-12&Prime;][vc_column_text css_animation=\u00a0\u00bbfadeInDown\u00a0\u00bb css=\u00a0\u00bb.vc_custom_1760603938410{margin-bottom: 0px !important;}\u00a0\u00bb]<\/p>\n<h3>Quelques mots sur nous.<\/h3>\n<p>La Manufacture LUCE est n\u00e9e de la rencontre entre l\u2019artisanat italien (Vincenzo di Gregorio) et l\u2019innovation fran\u00e7aise. Notre ambition est de sublimer la mati\u00e8re par la lumi\u00e8re.<br data-start=\"1599\" data-end=\"1602\" \/>Conscient de l&rsquo;exigence de notre client\u00e8le, nous cr\u00e9ons dans nos ateliers fran\u00e7ais, des panneaux acryliques d\u2019exception o\u00f9 les inclusions deviennent une \u0153uvre \u00e0 part enti\u00e8re.<br \/>\nNos designs sont soign\u00e9s, les mat\u00e9riaux naturels sont respect\u00e9s et notre engagement est \u00e9coresponsable,. La philosophie de LUCE c&rsquo;est d&rsquo;\u00eatre \u00e0 la crois\u00e9e de la po\u00e9sie, du haut de gamme et du merchandising.[\/vc_column_text][\/vc_column_inner][vc_column_inner el_class=\u00a0\u00bbresp-marg-50&Prime; offset=\u00a0\u00bbvc_col-lg-offset-1 vc_col-lg-5 vc_col-md-offset-0 vc_col-md-6 vc_col-sm-offset-0 vc_col-xs-12&Prime; css=\u00a0\u00bb.vc_custom_1490530549765{margin-top: 45px !important;}\u00a0\u00bb][vc_single_image image=\u00a0\u00bb2369&Prime; img_size=\u00a0\u00bb400&Prime; alignment=\u00a0\u00bbcenter\u00a0\u00bb][\/vc_column_inner][\/vc_row_inner][\/vc_column][\/vc_row][vc_row full_width=\u00a0\u00bbstretch_row_content_no_spaces\u00a0\u00bb content_placement=\u00a0\u00bbmiddle\u00a0\u00bb css=\u00a0\u00bb.vc_custom_1760954759466{background-image: url(http:\/\/www.lucemanufacture.fr\/wp-content\/uploads\/2025\/10\/Plot-effet-cloud-bleu-scaled.png?id=2342) !important;background-position: center !important;background-repeat: no-repeat !important;background-size: cover !important;}\u00a0\u00bb][vc_column][vc_empty_space height=\u00a0\u00bb200px\u00a0\u00bb][\/vc_column][\/vc_row][vc_row full_width=\u00a0\u00bbstretch_row\u00a0\u00bb css=\u00a0\u00bb.vc_custom_1760605216665{background-color: #ffffff !important;}\u00a0\u00bb][vc_column][vc_empty_space height=\u00a0\u00bb50px\u00a0\u00bb][vc_row_inner][vc_column_inner][vc_column_text]<\/p>\n<h4 style=\"text-align: center;\">Vous \u00eates architecte, designer, d\u00e9corateur ou marque de luxe ?<\/h4>\n<p>[\/vc_column_text][\/vc_column_inner][\/vc_row_inner][vc_row_inner][vc_column_inner][vc_empty_space][\/vc_column_inner][\/vc_row_inner][vc_row_inner][vc_column_inner width=\u00a0\u00bb1\/3&Prime;][\/vc_column_inner][vc_column_inner width=\u00a0\u00bb1\/3&Prime;]<a class=\"pheromone_vc_button\" data-title-color-hover=\"#e0b341\" data-bg-color-hover=\"rgba(224,179,65,0.05)\" data-border-c-hover=\"#e0b341\"  href=\"https:\/\/www.lucemanufacture.fr\/?page_id=271\" target=\"_self\" style=\"display:inline-block; font-size:60; line-heigth:60; color:#a48c31; background-color:#ffffff; padding:15px; margin:0; border-width:2; border-style:solid; border-color:#a48c31; border-radius:0\">COMMENCEZ VOTRE PROJET<\/a>[\/vc_column_inner][vc_column_inner width=\u00a0\u00bb1\/3&Prime;][\/vc_column_inner][\/vc_row_inner][vc_empty_space height=\u00a0\u00bb100px\u00a0\u00bb][\/vc_column][\/vc_row]<\/p>\n","protected":false},"excerpt":{"rendered":"<p>[vc_row full_width=\u00a0\u00bbstretch_row\u00a0\u00bb content_placement=\u00a0\u00bbmiddle\u00a0\u00bb css=\u00a0\u00bb.vc_custom_1760612468563{padding-top: -100px !important;padding-bottom: 130px !important;background-color: #1e1e1e !important;}\u00a0\u00bb][vc_column][vc_row_inner content_placement=\u00a0\u00bbmiddle\u00a0\u00bb][vc_column_inner el_class=\u00a0\u00bbtexte-luce\u00a0\u00bb offset=\u00a0\u00bbvc_col-lg-offset-0 vc_col-lg-6 vc_col-md-offset-0 vc_col-md-6 vc_col-sm-offset-0 vc_col-xs-12&Prime;][vc_column_text css_animation=\u00a0\u00bbfadeInDown\u00a0\u00bb css=\u00a0\u00bb.vc_custom_1760603938410{margin-bottom: 0px !important;}\u00a0\u00bb] Quelques mots sur nous. La Manufacture LUCE est n\u00e9e de la rencontre entre l\u2019artisanat italien (Vincenzo di Gregorio) et l\u2019innovation fran\u00e7aise. Notre ambition est de sublimer la mati\u00e8re par la lumi\u00e8re.Conscient de l&rsquo;exigence&#8230;<\/p>\n","protected":false},"author":1,"featured_media":0,"parent":0,"menu_order":0,"comment_status":"closed","ping_status":"closed","template":"visual-composer.php","meta":{"inline_featured_image":false,"footnotes":""},"class_list":["post-241","page","type-page","status-publish","hentry"],"yoast_head":"<!-- This site is optimized with the Yoast SEO plugin v26.0 - https:\/\/yoast.com\/wordpress\/plugins\/seo\/ -->\n<title>Manufacture Luce - LUCE<\/title>\n<meta name=\"robots\" content=\"noindex, follow, max-snippet:-1, max-image-preview:large, max-video-preview:-1\" \/>\n<meta property=\"og:locale\" content=\"fr_FR\" \/>\n<meta property=\"og:type\" content=\"article\" \/>\n<meta property=\"og:title\" content=\"Manufacture Luce - LUCE\" \/>\n<meta property=\"og:description\" content=\"[vc_row full_width=\u00a0\u00bbstretch_row\u00a0\u00bb content_placement=\u00a0\u00bbmiddle\u00a0\u00bb css=\u00a0\u00bb.vc_custom_1760612468563{padding-top: -100px !important;padding-bottom: 130px !important;background-color: #1e1e1e !important;}\u00a0\u00bb][vc_column][vc_row_inner content_placement=\u00a0\u00bbmiddle\u00a0\u00bb][vc_column_inner el_class=\u00a0\u00bbtexte-luce\u00a0\u00bb offset=\u00a0\u00bbvc_col-lg-offset-0 vc_col-lg-6 vc_col-md-offset-0 vc_col-md-6 vc_col-sm-offset-0 vc_col-xs-12&Prime;][vc_column_text css_animation=\u00a0\u00bbfadeInDown\u00a0\u00bb css=\u00a0\u00bb.vc_custom_1760603938410{margin-bottom: 0px !important;}\u00a0\u00bb] Quelques mots sur nous. La Manufacture LUCE est n\u00e9e de la rencontre entre l\u2019artisanat italien (Vincenzo di Gregorio) et l\u2019innovation fran\u00e7aise. Notre ambition est de sublimer la mati\u00e8re par la lumi\u00e8re.Conscient de l&rsquo;exigence...\" \/>\n<meta property=\"og:url\" content=\"https:\/\/www.lucemanufacture.fr\/?page_id=241\" \/>\n<meta property=\"og:site_name\" content=\"LUCE\" \/>\n<meta property=\"article:modified_time\" content=\"2025-10-20T10:06:26+00:00\" \/>\n<meta name=\"twitter:card\" content=\"summary_large_image\" \/>\n<meta name=\"twitter:label1\" content=\"Dur\u00e9e de lecture estim\u00e9e\" \/>\n\t<meta name=\"twitter:data1\" content=\"2 minutes\" \/>\n<script type=\"application\/ld+json\" class=\"yoast-schema-graph\">{\"@context\":\"https:\/\/schema.org\",\"@graph\":[{\"@type\":\"WebPage\",\"@id\":\"https:\/\/www.lucemanufacture.fr\/?page_id=241\",\"url\":\"https:\/\/www.lucemanufacture.fr\/?page_id=241\",\"name\":\"Manufacture Luce - LUCE\",\"isPartOf\":{\"@id\":\"https:\/\/www.lucemanufacture.fr\/#website\"},\"datePublished\":\"2016-11-28T13:07:34+00:00\",\"dateModified\":\"2025-10-20T10:06:26+00:00\",\"breadcrumb\":{\"@id\":\"https:\/\/www.lucemanufacture.fr\/?page_id=241#breadcrumb\"},\"inLanguage\":\"fr-FR\",\"potentialAction\":[{\"@type\":\"ReadAction\",\"target\":[\"https:\/\/www.lucemanufacture.fr\/?page_id=241\"]}]},{\"@type\":\"BreadcrumbList\",\"@id\":\"https:\/\/www.lucemanufacture.fr\/?page_id=241#breadcrumb\",\"itemListElement\":[{\"@type\":\"ListItem\",\"position\":1,\"name\":\"Accueil\",\"item\":\"https:\/\/www.lucemanufacture.fr\/\"},{\"@type\":\"ListItem\",\"position\":2,\"name\":\"Manufacture Luce\"}]},{\"@type\":\"WebSite\",\"@id\":\"https:\/\/www.lucemanufacture.fr\/#website\",\"url\":\"https:\/\/www.lucemanufacture.fr\/\",\"name\":\"Manufacture LUCE\",\"description\":\"Manufacture Fran\u00e7aise\",\"publisher\":{\"@id\":\"https:\/\/www.lucemanufacture.fr\/#organization\"},\"potentialAction\":[{\"@type\":\"SearchAction\",\"target\":{\"@type\":\"EntryPoint\",\"urlTemplate\":\"https:\/\/www.lucemanufacture.fr\/?s={search_term_string}\"},\"query-input\":{\"@type\":\"PropertyValueSpecification\",\"valueRequired\":true,\"valueName\":\"search_term_string\"}}],\"inLanguage\":\"fr-FR\"},{\"@type\":\"Organization\",\"@id\":\"https:\/\/www.lucemanufacture.fr\/#organization\",\"name\":\"Manufacture LUCE\",\"url\":\"https:\/\/www.lucemanufacture.fr\/\",\"logo\":{\"@type\":\"ImageObject\",\"inLanguage\":\"fr-FR\",\"@id\":\"https:\/\/www.lucemanufacture.fr\/#\/schema\/logo\/image\/\",\"url\":\"https:\/\/www.lucemanufacture.fr\/wp-content\/uploads\/2025\/08\/Logo-Manufacture-Luce.png\",\"contentUrl\":\"https:\/\/www.lucemanufacture.fr\/wp-content\/uploads\/2025\/08\/Logo-Manufacture-Luce.png\",\"width\":1296,\"height\":690,\"caption\":\"Manufacture LUCE\"},\"image\":{\"@id\":\"https:\/\/www.lucemanufacture.fr\/#\/schema\/logo\/image\/\"}}]}<\/script>\n<!-- \/ Yoast SEO plugin. -->","yoast_head_json":{"title":"Manufacture Luce - LUCE","robots":{"index":"noindex","follow":"follow","max-snippet":"max-snippet:-1","max-image-preview":"max-image-preview:large","max-video-preview":"max-video-preview:-1"},"og_locale":"fr_FR","og_type":"article","og_title":"Manufacture Luce - LUCE","og_description":"[vc_row full_width=\u00a0\u00bbstretch_row\u00a0\u00bb content_placement=\u00a0\u00bbmiddle\u00a0\u00bb css=\u00a0\u00bb.vc_custom_1760612468563{padding-top: -100px !important;padding-bottom: 130px !important;background-color: #1e1e1e !important;}\u00a0\u00bb][vc_column][vc_row_inner content_placement=\u00a0\u00bbmiddle\u00a0\u00bb][vc_column_inner el_class=\u00a0\u00bbtexte-luce\u00a0\u00bb offset=\u00a0\u00bbvc_col-lg-offset-0 vc_col-lg-6 vc_col-md-offset-0 vc_col-md-6 vc_col-sm-offset-0 vc_col-xs-12&Prime;][vc_column_text css_animation=\u00a0\u00bbfadeInDown\u00a0\u00bb css=\u00a0\u00bb.vc_custom_1760603938410{margin-bottom: 0px !important;}\u00a0\u00bb] Quelques mots sur nous. La Manufacture LUCE est n\u00e9e de la rencontre entre l\u2019artisanat italien (Vincenzo di Gregorio) et l\u2019innovation fran\u00e7aise. Notre ambition est de sublimer la mati\u00e8re par la lumi\u00e8re.Conscient de l&rsquo;exigence...","og_url":"https:\/\/www.lucemanufacture.fr\/?page_id=241","og_site_name":"LUCE","article_modified_time":"2025-10-20T10:06:26+00:00","twitter_card":"summary_large_image","twitter_misc":{"Dur\u00e9e de lecture estim\u00e9e":"2 minutes"},"schema":{"@context":"https:\/\/schema.org","@graph":[{"@type":"WebPage","@id":"https:\/\/www.lucemanufacture.fr\/?page_id=241","url":"https:\/\/www.lucemanufacture.fr\/?page_id=241","name":"Manufacture Luce - LUCE","isPartOf":{"@id":"https:\/\/www.lucemanufacture.fr\/#website"},"datePublished":"2016-11-28T13:07:34+00:00","dateModified":"2025-10-20T10:06:26+00:00","breadcrumb":{"@id":"https:\/\/www.lucemanufacture.fr\/?page_id=241#breadcrumb"},"inLanguage":"fr-FR","potentialAction":[{"@type":"ReadAction","target":["https:\/\/www.lucemanufacture.fr\/?page_id=241"]}]},{"@type":"BreadcrumbList","@id":"https:\/\/www.lucemanufacture.fr\/?page_id=241#breadcrumb","itemListElement":[{"@type":"ListItem","position":1,"name":"Accueil","item":"https:\/\/www.lucemanufacture.fr\/"},{"@type":"ListItem","position":2,"name":"Manufacture Luce"}]},{"@type":"WebSite","@id":"https:\/\/www.lucemanufacture.fr\/#website","url":"https:\/\/www.lucemanufacture.fr\/","name":"Manufacture LUCE","description":"Manufacture Fran\u00e7aise","publisher":{"@id":"https:\/\/www.lucemanufacture.fr\/#organization"},"potentialAction":[{"@type":"SearchAction","target":{"@type":"EntryPoint","urlTemplate":"https:\/\/www.lucemanufacture.fr\/?s={search_term_string}"},"query-input":{"@type":"PropertyValueSpecification","valueRequired":true,"valueName":"search_term_string"}}],"inLanguage":"fr-FR"},{"@type":"Organization","@id":"https:\/\/www.lucemanufacture.fr\/#organization","name":"Manufacture LUCE","url":"https:\/\/www.lucemanufacture.fr\/","logo":{"@type":"ImageObject","inLanguage":"fr-FR","@id":"https:\/\/www.lucemanufacture.fr\/#\/schema\/logo\/image\/","url":"https:\/\/www.lucemanufacture.fr\/wp-content\/uploads\/2025\/08\/Logo-Manufacture-Luce.png","contentUrl":"https:\/\/www.lucemanufacture.fr\/wp-content\/uploads\/2025\/08\/Logo-Manufacture-Luce.png","width":1296,"height":690,"caption":"Manufacture LUCE"},"image":{"@id":"https:\/\/www.lucemanufacture.fr\/#\/schema\/logo\/image\/"}}]}},"_links":{"self":[{"href":"https:\/\/www.lucemanufacture.fr\/index.php?rest_route=\/wp\/v2\/pages\/241","targetHints":{"allow":["GET"]}}],"collection":[{"href":"https:\/\/www.lucemanufacture.fr\/index.php?rest_route=\/wp\/v2\/pages"}],"about":[{"href":"https:\/\/www.lucemanufacture.fr\/index.php?rest_route=\/wp\/v2\/types\/page"}],"author":[{"embeddable":true,"href":"https:\/\/www.lucemanufacture.fr\/index.php?rest_route=\/wp\/v2\/users\/1"}],"replies":[{"embeddable":true,"href":"https:\/\/www.lucemanufacture.fr\/index.php?rest_route=%2Fwp%2Fv2%2Fcomments&post=241"}],"version-history":[{"count":40,"href":"https:\/\/www.lucemanufacture.fr\/index.php?rest_route=\/wp\/v2\/pages\/241\/revisions"}],"predecessor-version":[{"id":2442,"href":"https:\/\/www.lucemanufacture.fr\/index.php?rest_route=\/wp\/v2\/pages\/241\/revisions\/2442"}],"wp:attachment":[{"href":"https:\/\/www.lucemanufacture.fr\/index.php?rest_route=%2Fwp%2Fv2%2Fmedia&parent=241"}],"curies":[{"name":"wp","href":"https:\/\/api.w.org\/{rel}","templated":true}]}}